{"id":13682,"date":"2010-08-03T17:06:39","date_gmt":"2010-08-03T15:06:39","guid":{"rendered":"https:\/\/ownetic.com\/cytaty\/"},"modified":"2020-09-15T13:47:15","modified_gmt":"2020-09-15T12:47:15","slug":"quiz","status":"publish","type":"page","link":"https:\/\/ownetic.com\/cytaty\/quiz","title":{"rendered":"Quiz"},"content":{"rendered":"<h2>Zgadnij, kto to powiedzia\u0142?<\/h2>\n\t\t\t<div class=\"quiz_quote\"><p>Neofici s\u0105 najpobo\u017cniejsi.<\/p>\n<\/div>\r\n\t\t\t\t\t\t<form action=\"\" method=\"post\" class=\"author_quiz\">\r\n\t\t\t\t<ul>\r\n\t\t\t\t\t\t\t\t\t<li><input type=\"radio\" name=\"author_quiz\" id=\"author207\"\r\n\t\t\t\t\t\t\t   value=\"207\"\/> <label for=\"author207\"><p class=\"quiz_author_name\">Galileusz<\/p><div class=\"entry_author_image\"><img src=\"https:\/\/ownetic.com\/cytaty\/wp-content\/authors\/Galileusz-206.jpg\"  alt=\"Galileusz\" \/><\/div>\n<\/label><\/li>\r\n\t\t\t\t\t\t\t\t\t<li><input type=\"radio\" name=\"author_quiz\" id=\"author99\"\r\n\t\t\t\t\t\t\t   value=\"99\"\/> <label for=\"author99\"><p class=\"quiz_author_name\">Leopold Staff<\/p><div class=\"entry_author_image\"><img src=\"https:\/\/ownetic.com\/cytaty\/wp-content\/authors\/Leopold-Staff-87.jpg\"  alt=\"Leopold Staff\" \/><\/div>\n<\/label><\/li>\r\n\t\t\t\t\t\t\t\t\t<li><input type=\"radio\" name=\"author_quiz\" id=\"author119\"\r\n\t\t\t\t\t\t\t   value=\"119\"\/> <label for=\"author119\"><p class=\"quiz_author_name\">Aleksander Dumas (syn)<\/p><div class=\"entry_author_image\"><img src=\"https:\/\/ownetic.com\/cytaty\/wp-content\/authors\/Aleksander-Dumas-syn-107.jpg\"  alt=\"Aleksander Dumas (syn)\" \/><\/div>\n<\/label><\/li>\r\n\t\t\t\t\t\t\t\t\t<li><input type=\"radio\" name=\"author_quiz\" id=\"author76\"\r\n\t\t\t\t\t\t\t   value=\"76\"\/> <label for=\"author76\"><p class=\"quiz_author_name\">Karol Marks<\/p><div class=\"entry_author_image\"><img src=\"https:\/\/ownetic.com\/cytaty\/wp-content\/authors\/Karol-Marks-65.jpg\"  alt=\"Karol Marks\" \/><\/div>\n<\/label><\/li>\r\n\t\t\t\t                <\/ul>\r\n\r\n<div id=\"cytaty-quiz-button\">\r\n\t<input type=\"submit\" value=\"Sprawd\u017a\"\/>\r\n<\/div>\r\n\t<input type=\"hidden\" name=\"author_ids\" value=\"[&quot;207&quot;,&quot;99&quot;,&quot;119&quot;,&quot;76&quot;]\"\/>\r\n\t<input type=\"hidden\" name=\"post_id\" value=\"9123\"\/>\r\n\r\n<\/form>\r\n\t\t\t\n","protected":false},"excerpt":{"rendered":"<p>Zgadnij, kto to powiedzia&#322;?<\/p>\n","protected":false},"author":1,"featured_media":16883,"parent":0,"menu_order":0,"comment_status":"closed","ping_status":"open","template":"","meta":[],"yoast_head":"<!-- This site is optimized with the Yoast SEO plugin v18.7 - https:\/\/yoast.com\/wordpress\/plugins\/seo\/ -->\n<title>Ownetic - Kolekcja cytat\u00f3w<\/title>\n<meta name=\"description\" content=\"Cytaty, znane osoby, aforyzmy, m\u0105dro\u015bci, sentencje, z\u0142ote my\u015bli, motto\" \/>\n<meta name=\"robots\" content=\"index, follow, max-snippet:-1, max-image-preview:large, max-video-preview:-1\" \/>\n<link rel=\"canonical\" href=\"https:\/\/ownetic.com\/cytaty\/quiz\" \/>\n<meta name=\"twitter:card\" content=\"summary_large_image\" \/>\n<meta name=\"twitter:title\" content=\"Ownetic - Kolekcja cytat\u00f3w\" \/>\n<meta name=\"twitter:description\" content=\"Cytaty, znane osoby, aforyzmy, m\u0105dro\u015bci, sentencje, z\u0142ote my\u015bli, motto\" \/>\n<meta name=\"twitter:image\" content=\"https:\/\/ownetic.com\/cytaty\/wp-content\/uploads\/2020\/09\/header-005.png\" \/>\n<script type=\"application\/ld+json\" class=\"yoast-schema-graph\">{\"@context\":\"https:\/\/schema.org\",\"@graph\":[{\"@type\":\"Organization\",\"@id\":\"https:\/\/ownetic.com\/cytaty\/#organization\",\"name\":\"Ownetic\",\"url\":\"https:\/\/ownetic.com\/cytaty\/\",\"sameAs\":[],\"logo\":{\"@type\":\"ImageObject\",\"inLanguage\":\"pl-PL\",\"@id\":\"https:\/\/ownetic.com\/cytaty\/#\/schema\/logo\/image\/\",\"url\":\"https:\/\/ownetic.com\/cytaty\/wp-content\/uploads\/2020\/10\/Group-6341.png\",\"contentUrl\":\"https:\/\/ownetic.com\/cytaty\/wp-content\/uploads\/2020\/10\/Group-6341.png\",\"width\":260,\"height\":260,\"caption\":\"Ownetic\"},\"image\":{\"@id\":\"https:\/\/ownetic.com\/cytaty\/#\/schema\/logo\/image\/\"}},{\"@type\":\"WebSite\",\"@id\":\"https:\/\/ownetic.com\/cytaty\/#website\",\"url\":\"https:\/\/ownetic.com\/cytaty\/\",\"name\":\"Ownetic \u2013 Kolekcja Cytat\u00f3w\",\"description\":\"Cytaty\",\"publisher\":{\"@id\":\"https:\/\/ownetic.com\/cytaty\/#organization\"},\"potentialAction\":[{\"@type\":\"SearchAction\",\"target\":{\"@type\":\"EntryPoint\",\"urlTemplate\":\"https:\/\/ownetic.com\/cytaty\/?s={search_term_string}\"},\"query-input\":\"required name=search_term_string\"}],\"inLanguage\":\"pl-PL\"},{\"@type\":\"ImageObject\",\"inLanguage\":\"pl-PL\",\"@id\":\"https:\/\/ownetic.com\/cytaty\/quiz#primaryimage\",\"url\":\"https:\/\/ownetic.com\/cytaty\/wp-content\/uploads\/2020\/09\/header-005.png\",\"contentUrl\":\"https:\/\/ownetic.com\/cytaty\/wp-content\/uploads\/2020\/09\/header-005.png\",\"width\":1920,\"height\":1080},{\"@type\":\"WebPage\",\"@id\":\"https:\/\/ownetic.com\/cytaty\/quiz#webpage\",\"url\":\"https:\/\/ownetic.com\/cytaty\/quiz\",\"name\":\"Ownetic - Kolekcja cytat\u00f3w\",\"isPartOf\":{\"@id\":\"https:\/\/ownetic.com\/cytaty\/#website\"},\"primaryImageOfPage\":{\"@id\":\"https:\/\/ownetic.com\/cytaty\/quiz#primaryimage\"},\"datePublished\":\"2010-08-03T15:06:39+00:00\",\"dateModified\":\"2020-09-15T12:47:15+00:00\",\"description\":\"Cytaty, znane osoby, aforyzmy, m\u0105dro\u015bci, sentencje, z\u0142ote my\u015bli, motto\",\"breadcrumb\":{\"@id\":\"https:\/\/ownetic.com\/cytaty\/quiz#breadcrumb\"},\"inLanguage\":\"pl-PL\",\"potentialAction\":[{\"@type\":\"ReadAction\",\"target\":[\"https:\/\/ownetic.com\/cytaty\/quiz\"]}]},{\"@type\":\"BreadcrumbList\",\"@id\":\"https:\/\/ownetic.com\/cytaty\/quiz#breadcrumb\",\"itemListElement\":[{\"@type\":\"ListItem\",\"position\":1,\"name\":\"Strona g\u0142\u00f3wna\",\"item\":\"https:\/\/ownetic.com\/cytaty\/\"},{\"@type\":\"ListItem\",\"position\":2,\"name\":\"Quiz\"}]}]}<\/script>\n<!-- \/ Yoast SEO plugin. -->","yoast_head_json":{"title":"Ownetic - Kolekcja cytat\u00f3w","description":"Cytaty, znane osoby, aforyzmy, m\u0105dro\u015bci, sentencje, z\u0142ote my\u015bli, motto","robots":{"index":"index","follow":"follow","max-snippet":"max-snippet:-1","max-image-preview":"max-image-preview:large","max-video-preview":"max-video-preview:-1"},"canonical":"https:\/\/ownetic.com\/cytaty\/quiz","twitter_card":"summary_large_image","twitter_title":"Ownetic - Kolekcja cytat\u00f3w","twitter_description":"Cytaty, znane osoby, aforyzmy, m\u0105dro\u015bci, sentencje, z\u0142ote my\u015bli, motto","twitter_image":"https:\/\/ownetic.com\/cytaty\/wp-content\/uploads\/2020\/09\/header-005.png","schema":{"@context":"https:\/\/schema.org","@graph":[{"@type":"Organization","@id":"https:\/\/ownetic.com\/cytaty\/#organization","name":"Ownetic","url":"https:\/\/ownetic.com\/cytaty\/","sameAs":[],"logo":{"@type":"ImageObject","inLanguage":"pl-PL","@id":"https:\/\/ownetic.com\/cytaty\/#\/schema\/logo\/image\/","url":"https:\/\/ownetic.com\/cytaty\/wp-content\/uploads\/2020\/10\/Group-6341.png","contentUrl":"https:\/\/ownetic.com\/cytaty\/wp-content\/uploads\/2020\/10\/Group-6341.png","width":260,"height":260,"caption":"Ownetic"},"image":{"@id":"https:\/\/ownetic.com\/cytaty\/#\/schema\/logo\/image\/"}},{"@type":"WebSite","@id":"https:\/\/ownetic.com\/cytaty\/#website","url":"https:\/\/ownetic.com\/cytaty\/","name":"Ownetic \u2013 Kolekcja Cytat\u00f3w","description":"Cytaty","publisher":{"@id":"https:\/\/ownetic.com\/cytaty\/#organization"},"potentialAction":[{"@type":"SearchAction","target":{"@type":"EntryPoint","urlTemplate":"https:\/\/ownetic.com\/cytaty\/?s={search_term_string}"},"query-input":"required name=search_term_string"}],"inLanguage":"pl-PL"},{"@type":"ImageObject","inLanguage":"pl-PL","@id":"https:\/\/ownetic.com\/cytaty\/quiz#primaryimage","url":"https:\/\/ownetic.com\/cytaty\/wp-content\/uploads\/2020\/09\/header-005.png","contentUrl":"https:\/\/ownetic.com\/cytaty\/wp-content\/uploads\/2020\/09\/header-005.png","width":1920,"height":1080},{"@type":"WebPage","@id":"https:\/\/ownetic.com\/cytaty\/quiz#webpage","url":"https:\/\/ownetic.com\/cytaty\/quiz","name":"Ownetic - Kolekcja cytat\u00f3w","isPartOf":{"@id":"https:\/\/ownetic.com\/cytaty\/#website"},"primaryImageOfPage":{"@id":"https:\/\/ownetic.com\/cytaty\/quiz#primaryimage"},"datePublished":"2010-08-03T15:06:39+00:00","dateModified":"2020-09-15T12:47:15+00:00","description":"Cytaty, znane osoby, aforyzmy, m\u0105dro\u015bci, sentencje, z\u0142ote my\u015bli, motto","breadcrumb":{"@id":"https:\/\/ownetic.com\/cytaty\/quiz#breadcrumb"},"inLanguage":"pl-PL","potentialAction":[{"@type":"ReadAction","target":["https:\/\/ownetic.com\/cytaty\/quiz"]}]},{"@type":"BreadcrumbList","@id":"https:\/\/ownetic.com\/cytaty\/quiz#breadcrumb","itemListElement":[{"@type":"ListItem","position":1,"name":"Strona g\u0142\u00f3wna","item":"https:\/\/ownetic.com\/cytaty\/"},{"@type":"ListItem","position":2,"name":"Quiz"}]}]}},"_links":{"self":[{"href":"https:\/\/ownetic.com\/cytaty\/wp-json\/wp\/v2\/pages\/13682"}],"collection":[{"href":"https:\/\/ownetic.com\/cytaty\/wp-json\/wp\/v2\/pages"}],"about":[{"href":"https:\/\/ownetic.com\/cytaty\/wp-json\/wp\/v2\/types\/page"}],"author":[{"embeddable":true,"href":"https:\/\/ownetic.com\/cytaty\/wp-json\/wp\/v2\/users\/1"}],"replies":[{"embeddable":true,"href":"https:\/\/ownetic.com\/cytaty\/wp-json\/wp\/v2\/comments?post=13682"}],"version-history":[{"count":0,"href":"https:\/\/ownetic.com\/cytaty\/wp-json\/wp\/v2\/pages\/13682\/revisions"}],"wp:featuredmedia":[{"embeddable":true,"href":"https:\/\/ownetic.com\/cytaty\/wp-json\/wp\/v2\/media\/16883"}],"wp:attachment":[{"href":"https:\/\/ownetic.com\/cytaty\/wp-json\/wp\/v2\/media?parent=13682"}],"curies":[{"name":"wp","href":"https:\/\/api.w.org\/{rel}","templated":true}]}}