{"id":16836,"date":"2020-09-10T08:17:17","date_gmt":"2020-09-10T07:17:17","guid":{"rendered":"https:\/\/ownetic.com\/cytaty\/?page_id=16836"},"modified":"2020-09-30T11:24:13","modified_gmt":"2020-09-30T10:24:13","slug":"homepage","status":"publish","type":"page","link":"https:\/\/ownetic.com\/cytaty\/","title":{"rendered":"Kolekcja cytat\u00f3w"},"content":{"rendered":"\n<p><\/p>\n\n\n\t<div class=\"cnvs-block-section cnvs-block-section-1601461366550 cnvs-block-section-layout-full cnvs-block-section-fullwidth\" >\n\t\t<div class=\"cnvs-block-section-outer\" style=\"\">\n\t\t\t<div class=\"cnvs-block-section-inner\">\n\t\t\t\t\n\n<div class=\"cnvs-block-section-content cnvs-block-section-content-1601461368482\" >\n\t<div class=\"cnvs-block-section-content-inner\">\n\t\t\n\n<h5 class=\"cnvs-block-section-heading cnvs-block-section-heading-1601461372249 halignleft\" >\n\t<span class=\"cnvs-section-title\">\n\t\t<span>Cytat na dzisiaj<\/span>\n\t<\/span>\n<\/h5>\n\n\t<\/div>\n<\/div>\n\n\t\t\t<\/div>\n\t\t<\/div>\n\t<\/div>\n\n\t\n\n\t<div class=\"cnvs-block-section cnvs-block-section-1601460887430 cnvs-block-section-layout-full cnvs-block-section-fullwidth\" >\n\t\t<div class=\"cnvs-block-section-outer\" style=\"\">\n\t\t\t<div class=\"cnvs-block-section-inner\">\n\t\t\t\t\n\n<div class=\"cnvs-block-section-content cnvs-block-section-content-1601460892587\" >\n\t<div class=\"cnvs-block-section-content-inner\">\n\t\t\n\n<div class=\"cs-block-archive-posts cnvs-block-posts-1601460895823\" data-layout=\"list\">\n\n\t<div class=\"post-archive\" data-archive-data=\"\">\n\t\t<div class=\"archive-main archive-list\">\r\n<article class=\"post-list post-16326 post type-post status-publish format-standard category-cytaty tag-nauka tag-przyklad tag-slowo\">\r\n\r\n\t<div class=\"post-outer post-list-half\">\r\n\r\n\t\t\r\n\t\t\r\n\t\t<div class=\"post-inner post-list-content\">\r\n\r\n\t\t\t\r\n\t\t\t<header class=\"entry-header\">\r\n\t\t\t\t\r\n\t\t\t\t<h2 class=\"entry-title\"><a href=\"https:\/\/ownetic.com\/cytaty\/tytus-liwiusz-slowa-ucza\">S\u0142owa ucz\u0105&#8230;<\/a><\/h2>\r\n\r\n\t\t\t\t<ul class=\"post-meta\"><li class=\"meta-author\"><span class=\"author\"><a class=\"url fn n\" href=\"https:\/\/ownetic.com\/cytaty\/author\/tytus-liwiusz\" title=\"Zobacz wszystkie cytaty autora: \">Tytus Liwiusz<\/a><\/span><\/li><\/ul>\t\t\t<\/header>\r\n\r\n\t\t\t\r\n\t\t\t\t\t\t\t\t\t\t<div class=\"post-excerpt\">\r\n\t\t\t\t\t\t\t\tS\u0142owa ucz\u0105, przyk\u0142ady poci\u0105gaj\u0105.\t\t\t\t\t\t\t<\/div>\r\n\t\t\t\t\t\t\t\r\n\t\t<\/div>\r\n\r\n\t\t\r\n\t<\/div>\r\n\r\n<\/article>\r\n<\/div>\t<\/div>\n\n<\/div>\n\t\n\n\n<p><\/p>\n\n\t<\/div>\n<\/div>\n\n\t\t\t<\/div>\n\t\t<\/div>\n\t<\/div>\n\n\t\n\n\t<div class=\"cnvs-block-section cnvs-block-section-1599774059027 cnvs-block-section-layout-full cnvs-block-section-fullwidth\" >\n\t\t<div class=\"cnvs-block-section-outer\" style=\"\">\n\t\t\t<div class=\"cnvs-block-section-inner\">\n\t\t\t\t\n\n<div class=\"cnvs-block-section-content cnvs-block-section-content-1599774069473\" >\n\t<div class=\"cnvs-block-section-content-inner\">\n\t\t\n\n<h5 class=\"cnvs-block-section-heading cnvs-block-section-heading-1599812301705 is-style-cnvs-block-section-heading-2 halignleft\" >\n\t<span class=\"cnvs-section-title\">\n\t\t<span>Odkrywaj cytaty <\/span>\n\t<\/span>\n<\/h5>\n\n\n\n\t<div class=\"cnvs-block-posts cnvs-block-posts-1599774241585 cnvs-block-posts-layout-tiles-9\">\n\n\t\t<div class=\"cs-block-tiles tiles-9\">\n\n\t\t\t<div class=\"tiles-outer\">\n\n\t\t\t\t\n\t\t\t\t\t<article class=\" layout-type-primary layout-size-small layout-typography-small post-3577 post type-post status-publish format-standard category-cytaty tag-dobro tag-panstwo tag-prawo\">\n\n\t\t\t\t\t\t<div class=\"post-outer\">\n\t\t\t\t\t\t\t<div class=\"overlay-media\" >\n\t\t\t\t\t\t\t\t\t\t\t\t\t\t\t<\/div>\n\n\t\t\t\t\t\t\t<div class=\"overlay-outer post-inner\">\n\t\t\t\t\t\t\t\t<div class=\"overlay-inner\">\n\n\t\t\t\t\t\t\t\t\t\n\t\t\t\t\t\t\t\t\t<h2 class=\"entry-title\">\n\t\t\t\t\t\t\t\t\t\t<a href=\"https:\/\/ownetic.com\/cytaty\/cyceron-dobro-panstwa\">Dobro pa\u0144stwa&#8230;<\/a>\n\t\t\t\t\t\t\t\t\t<\/h2>\n\n\t\t\t\t\t\t\t\t\t<ul class=\"post-meta\"><li class=\"meta-author\"><span class=\"author\"><a class=\"url fn n\" href=\"https:\/\/ownetic.com\/cytaty\/author\/cyceron\" title=\"Zobacz wszystkie cytaty autora: \">Cyceron<\/a><\/span><\/li><\/ul>\n\t\t\t\t\t\t\t\t\t\n\t\t\t\t\t\t\t\t\t\n\t\t\t\t\t\t\t\t<\/div>\n\t\t\t\t\t\t\t<\/div>\n\n\t\t\t\t\t\t\t<a href=\"https:\/\/ownetic.com\/cytaty\/cyceron-dobro-panstwa\" class=\"overlay-link\"><\/a>\n\t\t\t\t\t\t<\/div>\n\t\t\t\t\t<\/article>\n\n\t\t\t\t\n\t\t\t\t\t<article class=\" layout-type-primary layout-size-small layout-typography-small post-14422 post type-post status-publish format-standard category-cytaty tag-chwala tag-wladza tag-wolnosc\">\n\n\t\t\t\t\t\t<div class=\"post-outer\">\n\t\t\t\t\t\t\t<div class=\"overlay-media\" >\n\t\t\t\t\t\t\t\t\t\t\t\t\t\t\t<\/div>\n\n\t\t\t\t\t\t\t<div class=\"overlay-outer post-inner\">\n\t\t\t\t\t\t\t\t<div class=\"overlay-inner\">\n\n\t\t\t\t\t\t\t\t\t\n\t\t\t\t\t\t\t\t\t<h2 class=\"entry-title\">\n\t\t\t\t\t\t\t\t\t\t<a href=\"https:\/\/ownetic.com\/cytaty\/fernando-pessoa-wylacznie-wolnosc\">Wy\u0142\u0105cznie wolno\u015b\u0107&#8230;<\/a>\n\t\t\t\t\t\t\t\t\t<\/h2>\n\n\t\t\t\t\t\t\t\t\t<ul class=\"post-meta\"><li class=\"meta-author\"><span class=\"author\"><a class=\"url fn n\" href=\"https:\/\/ownetic.com\/cytaty\/author\/fernando-pessoa\" title=\"Zobacz wszystkie cytaty autora: \">Fernando Pessoa<\/a><\/span><\/li><\/ul>\n\t\t\t\t\t\t\t\t\t\n\t\t\t\t\t\t\t\t\t\n\t\t\t\t\t\t\t\t<\/div>\n\t\t\t\t\t\t\t<\/div>\n\n\t\t\t\t\t\t\t<a href=\"https:\/\/ownetic.com\/cytaty\/fernando-pessoa-wylacznie-wolnosc\" class=\"overlay-link\"><\/a>\n\t\t\t\t\t\t<\/div>\n\t\t\t\t\t<\/article>\n\n\t\t\t\t\n\t\t\t\t\t<article class=\" layout-type-primary layout-size-small layout-typography-small post-10945 post type-post status-publish format-standard category-cytaty tag-swiat\">\n\n\t\t\t\t\t\t<div class=\"post-outer\">\n\t\t\t\t\t\t\t<div class=\"overlay-media\" >\n\t\t\t\t\t\t\t\t\t\t\t\t\t\t\t<\/div>\n\n\t\t\t\t\t\t\t<div class=\"overlay-outer post-inner\">\n\t\t\t\t\t\t\t\t<div class=\"overlay-inner\">\n\n\t\t\t\t\t\t\t\t\t\n\t\t\t\t\t\t\t\t\t<h2 class=\"entry-title\">\n\t\t\t\t\t\t\t\t\t\t<a href=\"https:\/\/ownetic.com\/cytaty\/umberto-eco-swiat-jest-zagadka\">\u015awiat jest zagadk\u0105&#8230;<\/a>\n\t\t\t\t\t\t\t\t\t<\/h2>\n\n\t\t\t\t\t\t\t\t\t<ul class=\"post-meta\"><li class=\"meta-author\"><span class=\"author\"><a class=\"url fn n\" href=\"https:\/\/ownetic.com\/cytaty\/author\/umberto-eco\" title=\"Zobacz wszystkie cytaty autora: \">Umberto Eco<\/a><\/span><\/li><\/ul>\n\t\t\t\t\t\t\t\t\t\n\t\t\t\t\t\t\t\t\t\n\t\t\t\t\t\t\t\t<\/div>\n\t\t\t\t\t\t\t<\/div>\n\n\t\t\t\t\t\t\t<a href=\"https:\/\/ownetic.com\/cytaty\/umberto-eco-swiat-jest-zagadka\" class=\"overlay-link\"><\/a>\n\t\t\t\t\t\t<\/div>\n\t\t\t\t\t<\/article>\n\n\t\t\t\t\n\t\t\t\t\t<article class=\" layout-type-primary layout-size-small layout-typography-small post-1668 post type-post status-publish format-standard category-cytaty tag-dom tag-rodzina tag-wychowanie\">\n\n\t\t\t\t\t\t<div class=\"post-outer\">\n\t\t\t\t\t\t\t<div class=\"overlay-media\" >\n\t\t\t\t\t\t\t\t\t\t\t\t\t\t\t<\/div>\n\n\t\t\t\t\t\t\t<div class=\"overlay-outer post-inner\">\n\t\t\t\t\t\t\t\t<div class=\"overlay-inner\">\n\n\t\t\t\t\t\t\t\t\t\n\t\t\t\t\t\t\t\t\t<h2 class=\"entry-title\">\n\t\t\t\t\t\t\t\t\t\t<a href=\"https:\/\/ownetic.com\/cytaty\/fiodor-dostojewski-podstawowa-sila-pedagogiczna\">Podstawow\u0105 si\u0142\u0105 pedagogiczn\u0105&#8230;<\/a>\n\t\t\t\t\t\t\t\t\t<\/h2>\n\n\t\t\t\t\t\t\t\t\t<ul class=\"post-meta\"><li class=\"meta-author\"><span class=\"author\"><a class=\"url fn n\" href=\"https:\/\/ownetic.com\/cytaty\/author\/fiodor-dostojewski\" title=\"Zobacz wszystkie cytaty autora: \">Fiodor Dostojewski<\/a><\/span><\/li><\/ul>\n\t\t\t\t\t\t\t\t\t\n\t\t\t\t\t\t\t\t\t\n\t\t\t\t\t\t\t\t<\/div>\n\t\t\t\t\t\t\t<\/div>\n\n\t\t\t\t\t\t\t<a href=\"https:\/\/ownetic.com\/cytaty\/fiodor-dostojewski-podstawowa-sila-pedagogiczna\" class=\"overlay-link\"><\/a>\n\t\t\t\t\t\t<\/div>\n\t\t\t\t\t<\/article>\n\n\t\t\t\t\n\t\t\t\t\t<article class=\" layout-type-primary layout-size-small layout-typography-small post-5179 post type-post status-publish format-standard category-cytaty tag-czlowiek tag-sila tag-walka\">\n\n\t\t\t\t\t\t<div class=\"post-outer\">\n\t\t\t\t\t\t\t<div class=\"overlay-media\" >\n\t\t\t\t\t\t\t\t\t\t\t\t\t\t\t<\/div>\n\n\t\t\t\t\t\t\t<div class=\"overlay-outer post-inner\">\n\t\t\t\t\t\t\t\t<div class=\"overlay-inner\">\n\n\t\t\t\t\t\t\t\t\t\n\t\t\t\t\t\t\t\t\t<h2 class=\"entry-title\">\n\t\t\t\t\t\t\t\t\t\t<a href=\"https:\/\/ownetic.com\/cytaty\/co-mnie-nie-zabija-to-czyni-mnie-silniejszym\">Co mnie nie zabija, to czyni mnie silniejszym<\/a>\n\t\t\t\t\t\t\t\t\t<\/h2>\n\n\t\t\t\t\t\t\t\t\t<ul class=\"post-meta\"><li class=\"meta-author\"><span class=\"author\"><a class=\"url fn n\" href=\"https:\/\/ownetic.com\/cytaty\/author\/fryderyk-nietzsche\" title=\"Zobacz wszystkie cytaty autora: \">Fryderyk Nietzsche<\/a><\/span><\/li><\/ul>\n\t\t\t\t\t\t\t\t\t\n\t\t\t\t\t\t\t\t\t\n\t\t\t\t\t\t\t\t<\/div>\n\t\t\t\t\t\t\t<\/div>\n\n\t\t\t\t\t\t\t<a href=\"https:\/\/ownetic.com\/cytaty\/co-mnie-nie-zabija-to-czyni-mnie-silniejszym\" class=\"overlay-link\"><\/a>\n\t\t\t\t\t\t<\/div>\n\t\t\t\t\t<\/article>\n\n\t\t\t\t\n\t\t\t\t\t<article class=\" layout-type-primary layout-size-small layout-typography-small post-1816 post type-post status-publish format-standard category-cytaty tag-obowiazek tag-strach\">\n\n\t\t\t\t\t\t<div class=\"post-outer\">\n\t\t\t\t\t\t\t<div class=\"overlay-media\" >\n\t\t\t\t\t\t\t\t\t\t\t\t\t\t\t<\/div>\n\n\t\t\t\t\t\t\t<div class=\"overlay-outer post-inner\">\n\t\t\t\t\t\t\t\t<div class=\"overlay-inner\">\n\n\t\t\t\t\t\t\t\t\t\n\t\t\t\t\t\t\t\t\t<h2 class=\"entry-title\">\n\t\t\t\t\t\t\t\t\t\t<a href=\"https:\/\/ownetic.com\/cytaty\/charles-baudelairezazwyczaj-spelnianie-obowiazkow\">Zazwyczaj spe\u0142nianie obowi\u0105zk\u00f3w&#8230;<\/a>\n\t\t\t\t\t\t\t\t\t<\/h2>\n\n\t\t\t\t\t\t\t\t\t<ul class=\"post-meta\"><li class=\"meta-author\"><span class=\"author\"><a class=\"url fn n\" href=\"https:\/\/ownetic.com\/cytaty\/author\/charles-baudelaire\" title=\"Zobacz wszystkie cytaty autora: \">Charles Baudelaire<\/a><\/span><\/li><\/ul>\n\t\t\t\t\t\t\t\t\t\n\t\t\t\t\t\t\t\t\t\n\t\t\t\t\t\t\t\t<\/div>\n\t\t\t\t\t\t\t<\/div>\n\n\t\t\t\t\t\t\t<a href=\"https:\/\/ownetic.com\/cytaty\/charles-baudelairezazwyczaj-spelnianie-obowiazkow\" class=\"overlay-link\"><\/a>\n\t\t\t\t\t\t<\/div>\n\t\t\t\t\t<\/article>\n\n\t\t\t\t\n\t\t\t\t\t<article class=\" layout-type-primary layout-size-small layout-typography-small post-2380 post type-post status-publish format-standard category-cytaty tag-czlowiek tag-umiar\">\n\n\t\t\t\t\t\t<div class=\"post-outer\">\n\t\t\t\t\t\t\t<div class=\"overlay-media\" >\n\t\t\t\t\t\t\t\t\t\t\t\t\t\t\t<\/div>\n\n\t\t\t\t\t\t\t<div class=\"overlay-outer post-inner\">\n\t\t\t\t\t\t\t\t<div class=\"overlay-inner\">\n\n\t\t\t\t\t\t\t\t\t\n\t\t\t\t\t\t\t\t\t<h2 class=\"entry-title\">\n\t\t\t\t\t\t\t\t\t\t<a href=\"https:\/\/ownetic.com\/cytaty\/stanislaw-jerzy-lec-czy-istniala-kiedy-kasta\">Czy istnia\u0142a kiedy kasta&#8230;<\/a>\n\t\t\t\t\t\t\t\t\t<\/h2>\n\n\t\t\t\t\t\t\t\t\t<ul class=\"post-meta\"><li class=\"meta-author\"><span class=\"author\"><a class=\"url fn n\" href=\"https:\/\/ownetic.com\/cytaty\/author\/stanislaw-jerzy-lec\" title=\"Zobacz wszystkie cytaty autora: \">Stanis\u0142aw Jerzy Lec<\/a><\/span><\/li><\/ul>\n\t\t\t\t\t\t\t\t\t\n\t\t\t\t\t\t\t\t\t\n\t\t\t\t\t\t\t\t<\/div>\n\t\t\t\t\t\t\t<\/div>\n\n\t\t\t\t\t\t\t<a href=\"https:\/\/ownetic.com\/cytaty\/stanislaw-jerzy-lec-czy-istniala-kiedy-kasta\" class=\"overlay-link\"><\/a>\n\t\t\t\t\t\t<\/div>\n\t\t\t\t\t<\/article>\n\n\t\t\t\t\n\t\t\t\t\t<article class=\" layout-type-primary layout-size-small layout-typography-small post-4789 post type-post status-publish format-standard category-cytaty tag-cnota tag-czlowiek tag-zycie\">\n\n\t\t\t\t\t\t<div class=\"post-outer\">\n\t\t\t\t\t\t\t<div class=\"overlay-media\" >\n\t\t\t\t\t\t\t\t\t\t\t\t\t\t\t<\/div>\n\n\t\t\t\t\t\t\t<div class=\"overlay-outer post-inner\">\n\t\t\t\t\t\t\t\t<div class=\"overlay-inner\">\n\n\t\t\t\t\t\t\t\t\t\n\t\t\t\t\t\t\t\t\t<h2 class=\"entry-title\">\n\t\t\t\t\t\t\t\t\t\t<a href=\"https:\/\/ownetic.com\/cytaty\/owidiuszpilne-wyuczenie-sie-szlachetnych-sztuk-lagodzi-obyczaje\">Pilne wyuczenie si\u0119 szlachetnych sztuk \u0142agodzi obyczaje<\/a>\n\t\t\t\t\t\t\t\t\t<\/h2>\n\n\t\t\t\t\t\t\t\t\t<ul class=\"post-meta\"><li class=\"meta-author\"><span class=\"author\"><a class=\"url fn n\" href=\"https:\/\/ownetic.com\/cytaty\/author\/owidiusz\" title=\"Zobacz wszystkie cytaty autora: \">Owidiusz<\/a><\/span><\/li><\/ul>\n\t\t\t\t\t\t\t\t\t\n\t\t\t\t\t\t\t\t\t\n\t\t\t\t\t\t\t\t<\/div>\n\t\t\t\t\t\t\t<\/div>\n\n\t\t\t\t\t\t\t<a href=\"https:\/\/ownetic.com\/cytaty\/owidiuszpilne-wyuczenie-sie-szlachetnych-sztuk-lagodzi-obyczaje\" class=\"overlay-link\"><\/a>\n\t\t\t\t\t\t<\/div>\n\t\t\t\t\t<\/article>\n\n\t\t\t\t\t\t\t<\/div>\n\n\t\t\t\n\t\t<\/div>\n\n\t<\/div>\n\n\t\n\t<\/div>\n<\/div>\n\n\t\t\t<\/div>\n\t\t<\/div>\n\t<\/div>\n\n\t\n\n\n<p><\/p>\n","protected":false},"excerpt":{"rendered":"","protected":false},"author":1,"featured_media":16851,"parent":0,"menu_order":0,"comment_status":"closed","ping_status":"closed","template":"template-canvas-fullwidth.php","meta":[],"yoast_head":"<!-- This site is optimized with the Yoast SEO plugin v18.7 - https:\/\/yoast.com\/wordpress\/plugins\/seo\/ -->\n<title>Ownetic - Kolekcja cytat\u00f3w<\/title>\n<meta name=\"description\" content=\"Cytaty, znane osoby, aforyzmy, m\u0105dro\u015bci, sentencje, z\u0142ote my\u015bli, motto\" \/>\n<meta name=\"robots\" content=\"index, follow, max-snippet:-1, max-image-preview:large, max-video-preview:-1\" \/>\n<link rel=\"canonical\" href=\"https:\/\/ownetic.com\/cytaty\/\" \/>\n<meta name=\"twitter:card\" content=\"summary_large_image\" \/>\n<meta name=\"twitter:title\" content=\"Ownetic - Kolekcja cytat\u00f3w\" \/>\n<meta name=\"twitter:description\" content=\"Cytaty, znane osoby, aforyzmy, m\u0105dro\u015bci, sentencje, z\u0142ote my\u015bli, motto\" \/>\n<meta name=\"twitter:image\" content=\"https:\/\/ownetic.com\/cytaty\/wp-content\/uploads\/2020\/09\/header-001.jpg\" \/>\n<script type=\"application\/ld+json\" class=\"yoast-schema-graph\">{\"@context\":\"https:\/\/schema.org\",\"@graph\":[{\"@type\":\"Organization\",\"@id\":\"https:\/\/ownetic.com\/cytaty\/#organization\",\"name\":\"Ownetic\",\"url\":\"https:\/\/ownetic.com\/cytaty\/\",\"sameAs\":[],\"logo\":{\"@type\":\"ImageObject\",\"inLanguage\":\"pl-PL\",\"@id\":\"https:\/\/ownetic.com\/cytaty\/#\/schema\/logo\/image\/\",\"url\":\"https:\/\/ownetic.com\/cytaty\/wp-content\/uploads\/2020\/10\/Group-6341.png\",\"contentUrl\":\"https:\/\/ownetic.com\/cytaty\/wp-content\/uploads\/2020\/10\/Group-6341.png\",\"width\":260,\"height\":260,\"caption\":\"Ownetic\"},\"image\":{\"@id\":\"https:\/\/ownetic.com\/cytaty\/#\/schema\/logo\/image\/\"}},{\"@type\":\"WebSite\",\"@id\":\"https:\/\/ownetic.com\/cytaty\/#website\",\"url\":\"https:\/\/ownetic.com\/cytaty\/\",\"name\":\"Ownetic \u2013 Kolekcja Cytat\u00f3w\",\"description\":\"Cytaty\",\"publisher\":{\"@id\":\"https:\/\/ownetic.com\/cytaty\/#organization\"},\"potentialAction\":[{\"@type\":\"SearchAction\",\"target\":{\"@type\":\"EntryPoint\",\"urlTemplate\":\"https:\/\/ownetic.com\/cytaty\/?s={search_term_string}\"},\"query-input\":\"required name=search_term_string\"}],\"inLanguage\":\"pl-PL\"},{\"@type\":\"ImageObject\",\"inLanguage\":\"pl-PL\",\"@id\":\"https:\/\/ownetic.com\/cytaty\/#primaryimage\",\"url\":\"https:\/\/ownetic.com\/cytaty\/wp-content\/uploads\/2020\/09\/header-001.jpg\",\"contentUrl\":\"https:\/\/ownetic.com\/cytaty\/wp-content\/uploads\/2020\/09\/header-001.jpg\",\"width\":1920,\"height\":1080},{\"@type\":\"WebPage\",\"@id\":\"https:\/\/ownetic.com\/cytaty\/#webpage\",\"url\":\"https:\/\/ownetic.com\/cytaty\/\",\"name\":\"Ownetic - Kolekcja cytat\u00f3w\",\"isPartOf\":{\"@id\":\"https:\/\/ownetic.com\/cytaty\/#website\"},\"primaryImageOfPage\":{\"@id\":\"https:\/\/ownetic.com\/cytaty\/#primaryimage\"},\"datePublished\":\"2020-09-10T07:17:17+00:00\",\"dateModified\":\"2020-09-30T10:24:13+00:00\",\"description\":\"Cytaty, znane osoby, aforyzmy, m\u0105dro\u015bci, sentencje, z\u0142ote my\u015bli, motto\",\"breadcrumb\":{\"@id\":\"https:\/\/ownetic.com\/cytaty\/#breadcrumb\"},\"inLanguage\":\"pl-PL\",\"potentialAction\":[{\"@type\":\"ReadAction\",\"target\":[\"https:\/\/ownetic.com\/cytaty\/\"]}]},{\"@type\":\"BreadcrumbList\",\"@id\":\"https:\/\/ownetic.com\/cytaty\/#breadcrumb\",\"itemListElement\":[{\"@type\":\"ListItem\",\"position\":1,\"name\":\"Strona g\u0142\u00f3wna\",\"item\":\"https:\/\/ownetic.com\/cytaty\/\"},{\"@type\":\"ListItem\",\"position\":2,\"name\":\"Kolekcja cytat\u00f3w\"}]}]}<\/script>\n<!-- \/ Yoast SEO plugin. -->","yoast_head_json":{"title":"Ownetic - Kolekcja cytat\u00f3w","description":"Cytaty, znane osoby, aforyzmy, m\u0105dro\u015bci, sentencje, z\u0142ote my\u015bli, motto","robots":{"index":"index","follow":"follow","max-snippet":"max-snippet:-1","max-image-preview":"max-image-preview:large","max-video-preview":"max-video-preview:-1"},"canonical":"https:\/\/ownetic.com\/cytaty\/","twitter_card":"summary_large_image","twitter_title":"Ownetic - Kolekcja cytat\u00f3w","twitter_description":"Cytaty, znane osoby, aforyzmy, m\u0105dro\u015bci, sentencje, z\u0142ote my\u015bli, motto","twitter_image":"https:\/\/ownetic.com\/cytaty\/wp-content\/uploads\/2020\/09\/header-001.jpg","schema":{"@context":"https:\/\/schema.org","@graph":[{"@type":"Organization","@id":"https:\/\/ownetic.com\/cytaty\/#organization","name":"Ownetic","url":"https:\/\/ownetic.com\/cytaty\/","sameAs":[],"logo":{"@type":"ImageObject","inLanguage":"pl-PL","@id":"https:\/\/ownetic.com\/cytaty\/#\/schema\/logo\/image\/","url":"https:\/\/ownetic.com\/cytaty\/wp-content\/uploads\/2020\/10\/Group-6341.png","contentUrl":"https:\/\/ownetic.com\/cytaty\/wp-content\/uploads\/2020\/10\/Group-6341.png","width":260,"height":260,"caption":"Ownetic"},"image":{"@id":"https:\/\/ownetic.com\/cytaty\/#\/schema\/logo\/image\/"}},{"@type":"WebSite","@id":"https:\/\/ownetic.com\/cytaty\/#website","url":"https:\/\/ownetic.com\/cytaty\/","name":"Ownetic \u2013 Kolekcja Cytat\u00f3w","description":"Cytaty","publisher":{"@id":"https:\/\/ownetic.com\/cytaty\/#organization"},"potentialAction":[{"@type":"SearchAction","target":{"@type":"EntryPoint","urlTemplate":"https:\/\/ownetic.com\/cytaty\/?s={search_term_string}"},"query-input":"required name=search_term_string"}],"inLanguage":"pl-PL"},{"@type":"ImageObject","inLanguage":"pl-PL","@id":"https:\/\/ownetic.com\/cytaty\/#primaryimage","url":"https:\/\/ownetic.com\/cytaty\/wp-content\/uploads\/2020\/09\/header-001.jpg","contentUrl":"https:\/\/ownetic.com\/cytaty\/wp-content\/uploads\/2020\/09\/header-001.jpg","width":1920,"height":1080},{"@type":"WebPage","@id":"https:\/\/ownetic.com\/cytaty\/#webpage","url":"https:\/\/ownetic.com\/cytaty\/","name":"Ownetic - Kolekcja cytat\u00f3w","isPartOf":{"@id":"https:\/\/ownetic.com\/cytaty\/#website"},"primaryImageOfPage":{"@id":"https:\/\/ownetic.com\/cytaty\/#primaryimage"},"datePublished":"2020-09-10T07:17:17+00:00","dateModified":"2020-09-30T10:24:13+00:00","description":"Cytaty, znane osoby, aforyzmy, m\u0105dro\u015bci, sentencje, z\u0142ote my\u015bli, motto","breadcrumb":{"@id":"https:\/\/ownetic.com\/cytaty\/#breadcrumb"},"inLanguage":"pl-PL","potentialAction":[{"@type":"ReadAction","target":["https:\/\/ownetic.com\/cytaty\/"]}]},{"@type":"BreadcrumbList","@id":"https:\/\/ownetic.com\/cytaty\/#breadcrumb","itemListElement":[{"@type":"ListItem","position":1,"name":"Strona g\u0142\u00f3wna","item":"https:\/\/ownetic.com\/cytaty\/"},{"@type":"ListItem","position":2,"name":"Kolekcja cytat\u00f3w"}]}]}},"_links":{"self":[{"href":"https:\/\/ownetic.com\/cytaty\/wp-json\/wp\/v2\/pages\/16836"}],"collection":[{"href":"https:\/\/ownetic.com\/cytaty\/wp-json\/wp\/v2\/pages"}],"about":[{"href":"https:\/\/ownetic.com\/cytaty\/wp-json\/wp\/v2\/types\/page"}],"author":[{"embeddable":true,"href":"https:\/\/ownetic.com\/cytaty\/wp-json\/wp\/v2\/users\/1"}],"replies":[{"embeddable":true,"href":"https:\/\/ownetic.com\/cytaty\/wp-json\/wp\/v2\/comments?post=16836"}],"version-history":[{"count":9,"href":"https:\/\/ownetic.com\/cytaty\/wp-json\/wp\/v2\/pages\/16836\/revisions"}],"predecessor-version":[{"id":16986,"href":"https:\/\/ownetic.com\/cytaty\/wp-json\/wp\/v2\/pages\/16836\/revisions\/16986"}],"wp:featuredmedia":[{"embeddable":true,"href":"https:\/\/ownetic.com\/cytaty\/wp-json\/wp\/v2\/media\/16851"}],"wp:attachment":[{"href":"https:\/\/ownetic.com\/cytaty\/wp-json\/wp\/v2\/media?parent=16836"}],"curies":[{"name":"wp","href":"https:\/\/api.w.org\/{rel}","templated":true}]}}